{"id":1157,"date":"2021-09-15T07:45:21","date_gmt":"2021-09-15T05:45:21","guid":{"rendered":"http:\/\/schoene-raeume.de\/imprint\/"},"modified":"2026-03-10T18:14:18","modified_gmt":"2026-03-10T17:14:18","slug":"imprint","status":"publish","type":"page","link":"https:\/\/schoene-raeume.de\/en\/imprint\/","title":{"rendered":"Imprint"},"content":{"rendered":"<div id=\"pl-19\" class=\"panel-layout\">\n<div id=\"pg-19-0\" class=\"panel-grid panel-no-style\" data-style=\"{&quot;background_image_attachment&quot;:false,&quot;background_display&quot;:&quot;tile&quot;,&quot;cell_alignment&quot;:&quot;center&quot;}\" data-ratio=\"1\" data-ratio-direction=\"right\">\n<div id=\"pgc-19-0-0\" class=\"panel-grid-cell panel-grid-cell-empty\" data-weight=\"0.25\"><\/div>\n<div id=\"pgc-19-0-1\" class=\"panel-grid-cell panel-grid-cell-mobile-last\" data-weight=\"0.5\">\n<div id=\"panel-19-0-1-0\" class=\"so-panel widget widget_siteorigin-panels-builder panel-first-child panel-last-child\" data-index=\"0\" data-style=\"{&quot;background_image_attachment&quot;:false,&quot;background_display&quot;:&quot;tile&quot;}\">\n<div id=\"pl-w5c07b071a79cc\" class=\"panel-layout\">\n<div id=\"pg-w5c07b071a79cc-0\" class=\"panel-grid panel-no-style\" data-style=\"{&quot;id&quot;:&quot;&quot;,&quot;class&quot;:&quot;&quot;,&quot;cell_class&quot;:&quot;&quot;,&quot;row_css&quot;:&quot;&quot;,&quot;mobile_css&quot;:&quot;&quot;,&quot;bottom_margin&quot;:&quot;&quot;,&quot;gutter&quot;:&quot;&quot;,&quot;padding&quot;:&quot;&quot;,&quot;mobile_padding&quot;:&quot;&quot;,&quot;row_stretch&quot;:&quot;&quot;,&quot;collapse_behaviour&quot;:&quot;&quot;,&quot;collapse_order&quot;:&quot;&quot;,&quot;cell_alignment&quot;:&quot;flex-start&quot;,&quot;background&quot;:&quot;&quot;,&quot;background_image_attachment&quot;:&quot;0&quot;,&quot;background_image_attachment_fallback&quot;:&quot;&quot;,&quot;background_display&quot;:&quot;tile&quot;,&quot;border_color&quot;:&quot;&quot;}\">\n<div id=\"pgc-w5c07b071a79cc-0-0\" class=\"panel-grid-cell\" data-style=\"{&quot;id&quot;:&quot;&quot;,&quot;class&quot;:&quot;&quot;,&quot;cell_css&quot;:&quot;&quot;,&quot;mobile_css&quot;:&quot;&quot;,&quot;padding&quot;:&quot;&quot;,&quot;mobile_padding&quot;:&quot;&quot;,&quot;vertical_alignment&quot;:&quot;auto&quot;,&quot;background&quot;:&quot;&quot;,&quot;background_image_attachment&quot;:&quot;0&quot;,&quot;background_image_attachment_fallback&quot;:&quot;&quot;,&quot;background_display&quot;:&quot;tile&quot;,&quot;border_color&quot;:&quot;&quot;,&quot;font_color&quot;:&quot;&quot;,&quot;link_color&quot;:&quot;&quot;}\" data-weight=\"0.5\">\n<div id=\"panel-w5c07b071a79cc-0-0-0\" class=\"so-panel widget widget_sow-editor panel-first-child panel-last-child\" data-index=\"0\" data-style=\"{&quot;id&quot;:&quot;&quot;,&quot;class&quot;:&quot;&quot;,&quot;widget_css&quot;:&quot;&quot;,&quot;mobile_css&quot;:&quot;&quot;,&quot;margin&quot;:&quot;&quot;,&quot;padding&quot;:&quot;&quot;,&quot;mobile_padding&quot;:&quot;&quot;,&quot;background&quot;:&quot;&quot;,&quot;background_image_attachment&quot;:&quot;0&quot;,&quot;background_image_attachment_fallback&quot;:&quot;&quot;,&quot;background_display&quot;:&quot;tile&quot;,&quot;border_color&quot;:&quot;&quot;,&quot;font_color&quot;:&quot;&quot;,&quot;link_color&quot;:&quot;&quot;}\">\n<div class=\"so-widget-sow-editor so-widget-sow-editor-base\">\n<div class=\"siteorigin-widget-tinymce textwidget\">\n<h2>sch\u00f6ne r\u00e4ume ai GmbH<\/h2>\n<p>Anzengruberstra\u00dfe 12<br \/>\n60320 Frankfurt am Main<br \/>\nFon: +49 (0)69 874 033 301<br \/>\nFax: +49 (0)69 874 033 329<br \/>\nE\u2010Mail:\u00a0<a class=\"fix-underline-link\" href=\"mailto:info@schoene-raeume.de\"><strong>info@schoene-raeume.de<\/strong><\/a><br \/>\nWebsite:\u00a0<a class=\"fix-underline-link\" href=\"http:\/\/www.xn--schoeneraeume-hm6g.de\/\"><strong>www.schoene\u2010raeume.de<\/strong><\/a><\/p>\n<p>Managing Director: Ralf B\u00f6ckle<br \/>\nRegistered office of the company: Frankfurt am Main<br \/>\nHRB-Nr.: 106359<br \/>\nSales tax ID: DE 310688688<\/p>\n<\/div>\n<\/div>\n<\/div>\n<\/div>\n<div id=\"pgc-w5c07b071a79cc-0-1\" class=\"panel-grid-cell\" data-weight=\"0.5\">\n<div id=\"panel-w5c07b071a79cc-0-1-0\" class=\"so-panel widget widget_sow-editor panel-first-child panel-last-child\" data-index=\"1\" data-style=\"{&quot;id&quot;:&quot;&quot;,&quot;class&quot;:&quot;&quot;,&quot;widget_css&quot;:&quot;&quot;,&quot;mobile_css&quot;:&quot;&quot;,&quot;margin&quot;:&quot;&quot;,&quot;padding&quot;:&quot;&quot;,&quot;mobile_padding&quot;:&quot;&quot;,&quot;background&quot;:&quot;&quot;,&quot;background_image_attachment&quot;:&quot;0&quot;,&quot;background_image_attachment_fallback&quot;:&quot;&quot;,&quot;background_display&quot;:&quot;tile&quot;,&quot;border_color&quot;:&quot;&quot;,&quot;font_color&quot;:&quot;&quot;,&quot;link_color&quot;:&quot;&quot;}\">\n<div class=\"so-widget-sow-editor so-widget-sow-editor-base\">\n<div class=\"siteorigin-widget-tinymce textwidget\">\n<h2>Legal notice\/copyright:<\/h2>\n<p>The contents created by us on this website are protected by copyright.<br \/>\nThe content of this site may not be reproduced, edited or distributed in any form without written permission from sch\u00f6ne r\u00e4ume.<\/p>\n<h2>Disclaimer:<\/h2>\n<p>Despite careful control of the content, we assume no liability for the accuracy, completeness and timeliness of the content provided or for the content of external links.<br \/>\nThe operators of the linked pages are solely responsible for their content.<\/p>\n<h2>Responsible for editorial content:<\/h2>\n<p>sch\u00f6ne r\u00e4ume ai GmbH<br \/>\nFrankfurt am Main<\/p>\n<h2>Realization &amp; implementation:<\/h2>\n<p>Operation Butterfly Effective Branding by Bal\u00e1zs Tarsoly<br \/>\n<a class=\"fix-underline-link\" href=\"http:\/\/www.operationbutterfly.com\/\" target=\"_blank\" rel=\"noopener\"><strong>www.operationbutterfly.com<\/strong><\/a><\/p>\n<\/div>\n<\/div>\n<\/div>\n<\/div>\n<\/div>\n<\/div>\n<\/div>\n<\/div>\n<div id=\"pgc-19-0-2\" class=\"panel-grid-cell panel-grid-cell-empty\" data-weight=\"0.25\"><\/div>\n<\/div>\n<\/div>\n","protected":false},"excerpt":{"rendered":"<p>sch\u00f6ne r\u00e4ume ai GmbH Anzengruberstra\u00dfe 12 60320 Frankfurt am Main Fon: +49 (0)69 874 033 301 Fax: +49 (0)69 874 033 329 E\u2010Mail:\u00a0info@schoene-raeume.de Website:\u00a0www.schoene\u2010raeume.de Managing Director: Ralf B\u00f6ckle Registered office of the company: Frankfurt am Main HRB-Nr.: 106359 Sales tax ID: DE 310688688 Legal notice\/copyright: The contents created by us on this website are protected [&hellip;]<\/p>\n","protected":false},"author":1,"featured_media":0,"parent":0,"menu_order":0,"comment_status":"closed","ping_status":"closed","template":"","meta":[],"_links":{"self":[{"href":"https:\/\/schoene-raeume.de\/en\/wp-json\/wp\/v2\/pages\/1157"}],"collection":[{"href":"https:\/\/schoene-raeume.de\/en\/wp-json\/wp\/v2\/pages"}],"about":[{"href":"https:\/\/schoene-raeume.de\/en\/wp-json\/wp\/v2\/types\/page"}],"author":[{"embeddable":true,"href":"https:\/\/schoene-raeume.de\/en\/wp-json\/wp\/v2\/users\/1"}],"replies":[{"embeddable":true,"href":"https:\/\/schoene-raeume.de\/en\/wp-json\/wp\/v2\/comments?post=1157"}],"version-history":[{"count":1,"href":"https:\/\/schoene-raeume.de\/en\/wp-json\/wp\/v2\/pages\/1157\/revisions"}],"predecessor-version":[{"id":1672,"href":"https:\/\/schoene-raeume.de\/en\/wp-json\/wp\/v2\/pages\/1157\/revisions\/1672"}],"wp:attachment":[{"href":"https:\/\/schoene-raeume.de\/en\/wp-json\/wp\/v2\/media?parent=1157"}],"curies":[{"name":"wp","href":"https:\/\/api.w.org\/{rel}","templated":true}]}}