{"id":1348,"date":"2018-11-26T11:42:31","date_gmt":"2018-11-26T10:42:31","guid":{"rendered":"https:\/\/schoene-raeume.de\/kontakt\/"},"modified":"2026-03-10T18:17:36","modified_gmt":"2026-03-10T17:17:36","slug":"contact","status":"publish","type":"page","link":"https:\/\/schoene-raeume.de\/en\/contact\/","title":{"rendered":"Contact"},"content":{"rendered":"<div id=\"pl-1348\"  class=\"panel-layout\" ><div id=\"pg-1348-0\"  class=\"panel-grid panel-has-style\" ><div class=\"fullHeightContent panel-row-style panel-row-style-for-1348-0\" ><div id=\"pgc-1348-0-0\"  class=\"panel-grid-cell panel-grid-cell-empty\" ><\/div><div id=\"pgc-1348-0-1\"  class=\"panel-grid-cell panel-grid-cell-mobile-last\" ><div id=\"panel-1348-0-1-0\" class=\"so-panel widget widget_siteorigin-panels-builder panel-first-child panel-last-child\" data-index=\"0\" ><div id=\"pl-w69b05230d8e88\"  class=\"panel-layout\" ><div id=\"pg-w69b05230d8e88-0\"  class=\"panel-grid panel-no-style\" ><div id=\"pgc-w69b05230d8e88-0-0\"  class=\"panel-grid-cell\" ><div id=\"panel-w69b05230d8e88-0-0-0\" class=\"so-panel widget widget_sow-editor panel-first-child panel-last-child\" data-index=\"0\" ><div\n\t\t\t\n\t\t\tclass=\"so-widget-sow-editor so-widget-sow-editor-base\"\n\t\t\t\n\t\t><h3 class=\"widget-title\">Discuss project<\/h3>\n<div class=\"siteorigin-widget-tinymce textwidget\">\n\t<p>Just like our work, every proposal is 100 percent individual. We sit down with you and listen. Just get in touch with us.<\/p>\n<\/div>\n<\/div><\/div><\/div><div id=\"pgc-w69b05230d8e88-0-1\"  class=\"panel-grid-cell\" ><div id=\"panel-w69b05230d8e88-0-1-0\" class=\"so-panel widget widget_sow-editor panel-first-child panel-last-child\" data-index=\"1\" ><div\n\t\t\t\n\t\t\tclass=\"so-widget-sow-editor so-widget-sow-editor-base\"\n\t\t\t\n\t\t><h3 class=\"widget-title\"> Contact<\/h3>\n<div class=\"siteorigin-widget-tinymce textwidget\">\n\t<p>You want to get to know us?<br \/>\nThen get in touch with us.<br \/>\nWe are looking forward to the dialogue with you.<\/p>\n<p>sch\u00f6ne r\u00e4ume ai GmbH<br \/>\nAnzengruberstra\u00dfe 12<br \/>\n60320 Frankfurt am Main<\/p>\n<p>Fon: +49 (0)69 874 033 301<br \/>\nE-Mail: info@schoene-raeume.de<\/p>\n<p>\u00a9 2018 sch\u00f6ne r\u00e4ume ai GmbH<\/p>\n<\/div>\n<\/div><\/div><\/div><\/div><\/div><\/div><\/div><div id=\"pgc-1348-0-2\"  class=\"panel-grid-cell panel-grid-cell-empty\" ><\/div><\/div><\/div><\/div>","protected":false},"excerpt":{"rendered":"<p>Discuss project Just like our work, every proposal is 100 percent individual. We sit down with you and listen. Just get in touch with us. Contact You want to get to know us? Then get in touch with us. We are looking forward to the dialogue with you. sch\u00f6ne r\u00e4ume ai GmbH Anzengruberstra\u00dfe 12 60320 [&hellip;]<\/p>\n","protected":false},"author":1,"featured_media":0,"parent":0,"menu_order":0,"comment_status":"closed","ping_status":"closed","template":"","meta":[],"_links":{"self":[{"href":"https:\/\/schoene-raeume.de\/en\/wp-json\/wp\/v2\/pages\/1348"}],"collection":[{"href":"https:\/\/schoene-raeume.de\/en\/wp-json\/wp\/v2\/pages"}],"about":[{"href":"https:\/\/schoene-raeume.de\/en\/wp-json\/wp\/v2\/types\/page"}],"author":[{"embeddable":true,"href":"https:\/\/schoene-raeume.de\/en\/wp-json\/wp\/v2\/users\/1"}],"replies":[{"embeddable":true,"href":"https:\/\/schoene-raeume.de\/en\/wp-json\/wp\/v2\/comments?post=1348"}],"version-history":[{"count":6,"href":"https:\/\/schoene-raeume.de\/en\/wp-json\/wp\/v2\/pages\/1348\/revisions"}],"predecessor-version":[{"id":1676,"href":"https:\/\/schoene-raeume.de\/en\/wp-json\/wp\/v2\/pages\/1348\/revisions\/1676"}],"wp:attachment":[{"href":"https:\/\/schoene-raeume.de\/en\/wp-json\/wp\/v2\/media?parent=1348"}],"curies":[{"name":"wp","href":"https:\/\/api.w.org\/{rel}","templated":true}]}}